{"id":393,"date":"2025-06-11T16:42:34","date_gmt":"2025-06-11T14:42:34","guid":{"rendered":"https:\/\/artea-consulting.com\/?page_id=393"},"modified":"2025-10-12T18:31:02","modified_gmt":"2025-10-12T16:31:02","slug":"home","status":"publish","type":"page","link":"https:\/\/artea-consulting.com\/en\/","title":{"rendered":"Home"},"content":{"rendered":"<div data-elementor-type=\"wp-page\" data-elementor-id=\"393\" class=\"elementor elementor-393\">\n\t\t\t\t<div class=\"elementor-element elementor-element-0fb8a2b e-flex e-con-boxed e-con e-parent\" data-id=\"0fb8a2b\" data-element_type=\"container\" data-settings=\"{&quot;background_background&quot;:&quot;classic&quot;}\">\n\t\t\t\t\t<div class=\"e-con-inner\">\n\t\t<div class=\"elementor-element elementor-element-eb715f8 e-con-full e-flex e-con e-child\" data-id=\"eb715f8\" data-element_type=\"container\">\n\t\t\t\t<div class=\"elementor-element elementor-element-107fafe elementor-widget elementor-widget-heading\" data-id=\"107fafe\" data-element_type=\"widget\" data-widget_type=\"heading.default\">\n\t\t\t\t<div class=\"elementor-widget-container\">\n\t\t\t\t\t<h1 class=\"elementor-heading-title elementor-size-default\">tailor-made art broker for you<\/h1>\t\t\t\t<\/div>\n\t\t\t\t<\/div>\n\t\t\t\t<div class=\"elementor-element elementor-element-1ca7f1c elementor-widget elementor-widget-text-editor\" data-id=\"1ca7f1c\" data-element_type=\"widget\" data-widget_type=\"text-editor.default\">\n\t\t\t\t<div class=\"elementor-widget-container\">\n\t\t\t\t\t\t\t\t\t<p>Support for collectors and investors in exceptional art.<\/p>\t\t\t\t\t\t\t\t<\/div>\n\t\t\t\t<\/div>\n\t\t\t\t<div class=\"elementor-element elementor-element-c63fa99 elementor-list-item-link-inline elementor-icon-list--layout-traditional elementor-widget elementor-widget-icon-list\" data-id=\"c63fa99\" data-element_type=\"widget\" data-widget_type=\"icon-list.default\">\n\t\t\t\t<div class=\"elementor-widget-container\">\n\t\t\t\t\t\t\t<ul class=\"elementor-icon-list-items\">\n\t\t\t\t\t\t\t<li class=\"elementor-icon-list-item\">\n\t\t\t\t\t\t\t\t\t\t\t<a href=\"#services\">\n\n\t\t\t\t\t\t\t\t\t\t\t\t<span class=\"elementor-icon-list-icon\">\n\t\t\t\t\t\t\t<i aria-hidden=\"true\" class=\"fas fa-long-arrow-alt-down\"><\/i>\t\t\t\t\t\t<\/span>\n\t\t\t\t\t\t\t\t\t\t<span class=\"elementor-icon-list-text\">Discover<\/span>\n\t\t\t\t\t\t\t\t\t\t\t<\/a>\n\t\t\t\t\t\t\t\t\t<\/li>\n\t\t\t\t\t\t<\/ul>\n\t\t\t\t\t\t<\/div>\n\t\t\t\t<\/div>\n\t\t\t\t<\/div>\n\t\t\t\t\t<\/div>\n\t\t\t\t<\/div>\n\t\t<div class=\"elementor-element elementor-element-e5f87bc e-flex e-con-boxed e-con e-parent\" data-id=\"e5f87bc\" data-element_type=\"container\" id=\"services\" data-settings=\"{&quot;background_background&quot;:&quot;classic&quot;}\">\n\t\t\t\t\t<div class=\"e-con-inner\">\n\t\t<div class=\"elementor-element elementor-element-75cd9de e-con-full e-flex e-con e-child\" data-id=\"75cd9de\" data-element_type=\"container\">\n\t\t\t\t<div class=\"elementor-element elementor-element-16930f0 elementor-widget elementor-widget-heading\" data-id=\"16930f0\" data-element_type=\"widget\" data-widget_type=\"heading.default\">\n\t\t\t\t<div class=\"elementor-widget-container\">\n\t\t\t\t\t<h2 class=\"elementor-heading-title elementor-size-default\">Choose us for...\n<\/h2>\t\t\t\t<\/div>\n\t\t\t\t<\/div>\n\t\t<div class=\"elementor-element elementor-element-7fffe43 e-con-full e-flex e-con e-child\" data-id=\"7fffe43\" data-element_type=\"container\">\n\t\t<div class=\"elementor-element elementor-element-7e69a22 e-con-full e-flex e-con e-child\" data-id=\"7e69a22\" data-element_type=\"container\">\n\t\t\t\t<div class=\"elementor-element elementor-element-f24e8af elementor-widget elementor-widget-hfe-infocard\" data-id=\"f24e8af\" data-element_type=\"widget\" data-widget_type=\"hfe-infocard.default\">\n\t\t\t\t<div class=\"elementor-widget-container\">\n\t\t\t\t\t\n\t\t<div class=\"hfe-infocard\">\n\t\t\t\t\t\t\t\t\t<div class=\"hfe-infocard-title-wrap\">\n\t\t\t\t<h4 class=\"hfe-infocard-title elementor-inline-editing\" data-elementor-setting-key=\"infocard_title\" data-elementor-inline-editing-toolbar=\"basic\" >Assessment<\/h4>\t\t\t<\/div>\n\t\t\t\t\t\t<div class=\"hfe-infocard-text-wrap\">\n\t\t\t\t<div class=\"hfe-infocard-text elementor-inline-editing\" data-elementor-setting-key=\"infocard_description\" data-elementor-inline-editing-toolbar=\"advanced\">\n\t\t\t\t\tTrust our expertise for your works of art.\t\t\t\t<\/div>\n\t\t\t\t\t\t\t<\/div>\n\t\t<\/div>\n\n\t\t\t\t\t\t<\/div>\n\t\t\t\t<\/div>\n\t\t\t\t<div class=\"elementor-element elementor-element-715c1dc elementor-widget elementor-widget-image\" data-id=\"715c1dc\" data-element_type=\"widget\" data-widget_type=\"image.default\">\n\t\t\t\t<div class=\"elementor-widget-container\">\n\t\t\t\t\t\t\t\t\t\t\t\t\t\t\t<img fetchpriority=\"high\" decoding=\"async\" width=\"200\" height=\"300\" src=\"https:\/\/artea-consulting.com\/wp-content\/uploads\/2025\/10\/g92460959eefac2505b6c2105ca60c249e5e22fcdcde20149c43bf55b55ed489a76ca31738fe29014d5d99d479a88c6175a309d78e7dd736c8eb9f45af6c8dbe6_1280-1659450-200x300.jpg\" class=\"attachment-medium size-medium wp-image-1320\" alt=\"art, photographer, tourists, inner space, art gallery, museum, art, photographer, art gallery, art gallery, art gallery, art gallery, art gallery, museum, museum, museum, museum\" srcset=\"https:\/\/artea-consulting.com\/wp-content\/uploads\/2025\/10\/g92460959eefac2505b6c2105ca60c249e5e22fcdcde20149c43bf55b55ed489a76ca31738fe29014d5d99d479a88c6175a309d78e7dd736c8eb9f45af6c8dbe6_1280-1659450-200x300.jpg 200w, https:\/\/artea-consulting.com\/wp-content\/uploads\/2025\/10\/g92460959eefac2505b6c2105ca60c249e5e22fcdcde20149c43bf55b55ed489a76ca31738fe29014d5d99d479a88c6175a309d78e7dd736c8eb9f45af6c8dbe6_1280-1659450-682x1024.jpg 682w, https:\/\/artea-consulting.com\/wp-content\/uploads\/2025\/10\/g92460959eefac2505b6c2105ca60c249e5e22fcdcde20149c43bf55b55ed489a76ca31738fe29014d5d99d479a88c6175a309d78e7dd736c8eb9f45af6c8dbe6_1280-1659450-768x1152.jpg 768w, https:\/\/artea-consulting.com\/wp-content\/uploads\/2025\/10\/g92460959eefac2505b6c2105ca60c249e5e22fcdcde20149c43bf55b55ed489a76ca31738fe29014d5d99d479a88c6175a309d78e7dd736c8eb9f45af6c8dbe6_1280-1659450-8x12.jpg 8w, https:\/\/artea-consulting.com\/wp-content\/uploads\/2025\/10\/g92460959eefac2505b6c2105ca60c249e5e22fcdcde20149c43bf55b55ed489a76ca31738fe29014d5d99d479a88c6175a309d78e7dd736c8eb9f45af6c8dbe6_1280-1659450.jpg 853w\" sizes=\"(max-width: 200px) 100vw, 200px\" \/>\t\t\t\t\t\t\t\t\t\t\t\t\t\t\t<\/div>\n\t\t\t\t<\/div>\n\t\t\t\t<\/div>\n\t\t<div class=\"elementor-element elementor-element-4712f1b e-con-full e-flex e-con e-child\" data-id=\"4712f1b\" data-element_type=\"container\">\n\t\t\t\t<div class=\"elementor-element elementor-element-55f45c9 elementor-widget elementor-widget-hfe-infocard\" data-id=\"55f45c9\" data-element_type=\"widget\" data-widget_type=\"hfe-infocard.default\">\n\t\t\t\t<div class=\"elementor-widget-container\">\n\t\t\t\t\t\n\t\t<div class=\"hfe-infocard\">\n\t\t\t\t\t\t\t\t\t<div class=\"hfe-infocard-title-wrap\">\n\t\t\t\t<h4 class=\"hfe-infocard-title elementor-inline-editing\" data-elementor-setting-key=\"infocard_title\" data-elementor-inline-editing-toolbar=\"basic\" >Management<\/h4>\t\t\t<\/div>\n\t\t\t\t\t\t<div class=\"hfe-infocard-text-wrap\">\n\t\t\t\t<div class=\"hfe-infocard-text elementor-inline-editing\" data-elementor-setting-key=\"infocard_description\" data-elementor-inline-editing-toolbar=\"advanced\">\n\t\t\t\t\t<p>Entrust us with your artistic endeavors<\/p>\t\t\t\t<\/div>\n\t\t\t\t\t\t\t<\/div>\n\t\t<\/div>\n\n\t\t\t\t\t\t<\/div>\n\t\t\t\t<\/div>\n\t\t\t\t<div class=\"elementor-element elementor-element-375d53a elementor-widget elementor-widget-image\" data-id=\"375d53a\" data-element_type=\"widget\" data-widget_type=\"image.default\">\n\t\t\t\t<div class=\"elementor-widget-container\">\n\t\t\t\t\t\t\t\t\t\t\t\t\t\t\t<img decoding=\"async\" width=\"200\" height=\"300\" src=\"https:\/\/artea-consulting.com\/wp-content\/uploads\/2025\/06\/pexels-photo-1579708-1579708-200x300.jpg\" class=\"attachment-medium size-medium wp-image-1157\" alt=\"Discover a vibrant collection of framed art pieces elegantly displayed on a wall, showcasing diverse designs and sizes.\" srcset=\"https:\/\/artea-consulting.com\/wp-content\/uploads\/2025\/06\/pexels-photo-1579708-1579708-200x300.jpg 200w, https:\/\/artea-consulting.com\/wp-content\/uploads\/2025\/06\/pexels-photo-1579708-1579708-683x1024.jpg 683w, https:\/\/artea-consulting.com\/wp-content\/uploads\/2025\/06\/pexels-photo-1579708-1579708-768x1152.jpg 768w, https:\/\/artea-consulting.com\/wp-content\/uploads\/2025\/06\/pexels-photo-1579708-1579708-1024x1536.jpg 1024w, https:\/\/artea-consulting.com\/wp-content\/uploads\/2025\/06\/pexels-photo-1579708-1579708-1365x2048.jpg 1365w, https:\/\/artea-consulting.com\/wp-content\/uploads\/2025\/06\/pexels-photo-1579708-1579708-scaled.jpg 1707w\" sizes=\"(max-width: 200px) 100vw, 200px\" \/>\t\t\t\t\t\t\t\t\t\t\t\t\t\t\t<\/div>\n\t\t\t\t<\/div>\n\t\t\t\t<\/div>\n\t\t<div class=\"elementor-element elementor-element-8bc326f e-con-full e-flex e-con e-child\" data-id=\"8bc326f\" data-element_type=\"container\">\n\t\t\t\t<div class=\"elementor-element elementor-element-9e524f1 elementor-widget elementor-widget-hfe-infocard\" data-id=\"9e524f1\" data-element_type=\"widget\" data-widget_type=\"hfe-infocard.default\">\n\t\t\t\t<div class=\"elementor-widget-container\">\n\t\t\t\t\t\n\t\t<div class=\"hfe-infocard\">\n\t\t\t\t\t\t\t\t\t<div class=\"hfe-infocard-title-wrap\">\n\t\t\t\t<h4 class=\"hfe-infocard-title elementor-inline-editing\" data-elementor-setting-key=\"infocard_title\" data-elementor-inline-editing-toolbar=\"basic\" >Advice<\/h4>\t\t\t<\/div>\n\t\t\t\t\t\t<div class=\"hfe-infocard-text-wrap\">\n\t\t\t\t<div class=\"hfe-infocard-text elementor-inline-editing\" data-elementor-setting-key=\"infocard_description\" data-elementor-inline-editing-toolbar=\"advanced\">\n\t\t\t\t\tStrategic support to build your collection.\t\t\t\t<\/div>\n\t\t\t\t\t\t\t<\/div>\n\t\t<\/div>\n\n\t\t\t\t\t\t<\/div>\n\t\t\t\t<\/div>\n\t\t\t\t<div class=\"elementor-element elementor-element-5ceeb57 elementor-widget elementor-widget-image\" data-id=\"5ceeb57\" data-element_type=\"widget\" data-widget_type=\"image.default\">\n\t\t\t\t<div class=\"elementor-widget-container\">\n\t\t\t\t\t\t\t\t\t\t\t\t\t\t\t<img decoding=\"async\" width=\"200\" height=\"300\" src=\"https:\/\/artea-consulting.com\/wp-content\/uploads\/2025\/06\/pexels-photo-1727658-1727658-200x300.jpg\" class=\"attachment-medium size-medium wp-image-1158\" alt=\"Graceful marble statue of a woman, capturing an artistic moment indoors.\" srcset=\"https:\/\/artea-consulting.com\/wp-content\/uploads\/2025\/06\/pexels-photo-1727658-1727658-200x300.jpg 200w, https:\/\/artea-consulting.com\/wp-content\/uploads\/2025\/06\/pexels-photo-1727658-1727658-683x1024.jpg 683w, https:\/\/artea-consulting.com\/wp-content\/uploads\/2025\/06\/pexels-photo-1727658-1727658-768x1152.jpg 768w, https:\/\/artea-consulting.com\/wp-content\/uploads\/2025\/06\/pexels-photo-1727658-1727658-1024x1536.jpg 1024w, https:\/\/artea-consulting.com\/wp-content\/uploads\/2025\/06\/pexels-photo-1727658-1727658-1365x2048.jpg 1365w, https:\/\/artea-consulting.com\/wp-content\/uploads\/2025\/06\/pexels-photo-1727658-1727658-scaled.jpg 1707w\" sizes=\"(max-width: 200px) 100vw, 200px\" \/>\t\t\t\t\t\t\t\t\t\t\t\t\t\t\t<\/div>\n\t\t\t\t<\/div>\n\t\t\t\t<\/div>\n\t\t\t\t<\/div>\n\t\t\t\t<\/div>\n\t\t\t\t\t<\/div>\n\t\t\t\t<\/div>\n\t\t<div class=\"elementor-element elementor-element-fb5c462 e-flex e-con-boxed e-con e-parent\" data-id=\"fb5c462\" data-element_type=\"container\" data-settings=\"{&quot;background_background&quot;:&quot;classic&quot;}\">\n\t\t\t\t\t<div class=\"e-con-inner\">\n\t\t<div class=\"elementor-element elementor-element-011753f e-con-full e-flex e-con e-child\" data-id=\"011753f\" data-element_type=\"container\">\n\t\t<div class=\"elementor-element elementor-element-98bbb07 e-con-full e-flex e-con e-child\" data-id=\"98bbb07\" data-element_type=\"container\">\n\t\t\t\t<div class=\"elementor-element elementor-element-33c08f7 elementor-widget elementor-widget-heading\" data-id=\"33c08f7\" data-element_type=\"widget\" data-widget_type=\"heading.default\">\n\t\t\t\t<div class=\"elementor-widget-container\">\n\t\t\t\t\t<h2 class=\"elementor-heading-title elementor-size-default\">Why trust us ?<\/h2>\t\t\t\t<\/div>\n\t\t\t\t<\/div>\n\t\t\t\t<div class=\"elementor-element elementor-element-6d74e78 elementor-widget elementor-widget-text-editor\" data-id=\"6d74e78\" data-element_type=\"widget\" data-widget_type=\"text-editor.default\">\n\t\t\t\t<div class=\"elementor-widget-container\">\n\t\t\t\t\t\t\t\t\t<p class=\"translation-block\">At <strong data-start=\"311\" data-end=\"335\">ARTEA Art Consulting<\/strong>, we place excellence, expertise, and trust at the heart of every mission.<\/p>\t\t\t\t\t\t\t\t<\/div>\n\t\t\t\t<\/div>\n\t\t\t\t<div class=\"elementor-element elementor-element-8cdcc5a elementor-widget elementor-widget-text-editor\" data-id=\"8cdcc5a\" data-element_type=\"widget\" data-widget_type=\"text-editor.default\">\n\t\t\t\t<div class=\"elementor-widget-container\">\n\t\t\t\t\t\t\t\t\t<p class=\"translation-block\">Specialists in the <strong data-start=\"436\" data-end=\"455\">art market<\/strong>, we support both <strong data-start=\"490\" data-end=\"517\">passionate individuals<\/strong> and <strong data-start=\"526\" data-end=\"595\">companies wishing to enhance their image or heritage<\/strong>.<br data-start=\"596\" data-end=\"599\">Our approach is <strong data-start=\"618\" data-end=\"661\">independent, strategic and tailor-made<\/strong>, guided by a detailed knowledge of the works, trends and market networks.<\/p><p>At ARTEA, we believe that art is not simply possessed \u2014 it is understood, chosen and experienced with precision.<\/p>\t\t\t\t\t\t\t\t<\/div>\n\t\t\t\t<\/div>\n\t\t\t\t<\/div>\n\t\t\t\t<\/div>\n\t\t\t\t\t<\/div>\n\t\t\t\t<\/div>\n\t\t<div class=\"elementor-element elementor-element-7b4de98 e-flex e-con-boxed e-con e-parent\" data-id=\"7b4de98\" data-element_type=\"container\" data-settings=\"{&quot;background_background&quot;:&quot;classic&quot;}\">\n\t\t\t\t\t<div class=\"e-con-inner\">\n\t\t<div class=\"elementor-element elementor-element-6d6ef83 e-con-full e-flex e-con e-child\" data-id=\"6d6ef83\" data-element_type=\"container\">\n\t\t<div class=\"elementor-element elementor-element-d72eeb8 e-con-full e-flex e-con e-child\" data-id=\"d72eeb8\" data-element_type=\"container\">\n\t\t<div class=\"elementor-element elementor-element-03c08a9 e-con-full e-flex e-con e-child\" data-id=\"03c08a9\" data-element_type=\"container\" data-settings=\"{&quot;background_background&quot;:&quot;classic&quot;}\">\n\t\t\t\t<div class=\"elementor-element elementor-element-648298e elementor-widget elementor-widget-hfe-infocard\" data-id=\"648298e\" data-element_type=\"widget\" data-widget_type=\"hfe-infocard.default\">\n\t\t\t\t<div class=\"elementor-widget-container\">\n\t\t\t\t\t\n\t\t<div class=\"hfe-infocard\">\n\t\t\t\t\t\t\t\t\t<div class=\"hfe-infocard-title-wrap\">\n\t\t\t\t<h3 class=\"hfe-infocard-title elementor-inline-editing\" data-elementor-setting-key=\"infocard_title\" data-elementor-inline-editing-toolbar=\"basic\" >Got a project in mind?<\/h3>\t\t\t<\/div>\n\t\t\t\t\t\t<div class=\"hfe-infocard-text-wrap\">\n\t\t\t\t<div class=\"hfe-infocard-text elementor-inline-editing\" data-elementor-setting-key=\"infocard_description\" data-elementor-inline-editing-toolbar=\"advanced\">\n\t\t\t\t\tLet's discuss your desires or needs. ARTEA will assist you with expertise and discretion. Contact us today.\t\t\t\t<\/div>\n\t\t\t\t\t\t\t<\/div>\n\t\t<\/div>\n\n\t\t\t\t\t\t<\/div>\n\t\t\t\t<\/div>\n\t\t\t\t<div class=\"elementor-element elementor-element-732e2a5 elementor-widget elementor-widget-button\" data-id=\"732e2a5\" data-element_type=\"widget\" data-widget_type=\"button.default\">\n\t\t\t\t<div class=\"elementor-widget-container\">\n\t\t\t\t\t\t\t\t\t<div class=\"elementor-button-wrapper\">\n\t\t\t\t\t<a class=\"elementor-button elementor-button-link elementor-size-sm\" href=\"http:\/\/artea-consulting.com\/en\/Contact\/\">\n\t\t\t\t\t\t<span class=\"elementor-button-content-wrapper\">\n\t\t\t\t\t\t<span class=\"elementor-button-icon\">\n\t\t\t\t<i aria-hidden=\"true\" class=\"fas fa-arrow-right\"><\/i>\t\t\t<\/span>\n\t\t\t\t\t\t\t\t\t<span class=\"elementor-button-text\">Contact us <\/span>\n\t\t\t\t\t<\/span>\n\t\t\t\t\t<\/a>\n\t\t\t\t<\/div>\n\t\t\t\t\t\t\t\t<\/div>\n\t\t\t\t<\/div>\n\t\t\t\t<\/div>\n\t\t<div class=\"elementor-element elementor-element-681102f e-con-full e-flex e-con e-child\" data-id=\"681102f\" data-element_type=\"container\">\n\t\t\t\t<div class=\"elementor-element elementor-element-8dc15d0 elementor-widget elementor-widget-image\" data-id=\"8dc15d0\" data-element_type=\"widget\" data-widget_type=\"image.default\">\n\t\t\t\t<div class=\"elementor-widget-container\">\n\t\t\t\t\t\t\t\t\t\t\t\t\t\t\t<img loading=\"lazy\" decoding=\"async\" width=\"1\" height=\"1\" src=\"https:\/\/artea-consulting.com\/wp-content\/uploads\/2025\/06\/cercle-renoir-1-1.avif\" class=\"attachment-large size-large wp-image-1138\" alt=\"\" \/>\t\t\t\t\t\t\t\t\t\t\t\t\t\t\t<\/div>\n\t\t\t\t<\/div>\n\t\t\t\t<\/div>\n\t\t\t\t<\/div>\n\t\t<div class=\"elementor-element elementor-element-1ca5b1f e-con-full e-flex e-con e-child\" data-id=\"1ca5b1f\" data-element_type=\"container\">\n\t\t<div class=\"elementor-element elementor-element-f07cb6c e-con-full e-flex e-con e-child\" data-id=\"f07cb6c\" data-element_type=\"container\">\n\t\t\t\t<div class=\"elementor-element elementor-element-1c8131e elementor-widget elementor-widget-heading\" data-id=\"1c8131e\" data-element_type=\"widget\" data-widget_type=\"heading.default\">\n\t\t\t\t<div class=\"elementor-widget-container\">\n\t\t\t\t\t<h2 class=\"elementor-heading-title elementor-size-default\">Let\u2019s build a collection together that has meaning and value.<\/h2>\t\t\t\t<\/div>\n\t\t\t\t<\/div>\n\t\t\t\t<\/div>\n\t\t<div class=\"elementor-element elementor-element-35c8d3b e-con-full e-flex e-con e-child\" data-id=\"35c8d3b\" data-element_type=\"container\">\n\t\t\t\t<div class=\"elementor-element elementor-element-3148303 elementor-widget elementor-widget-text-editor\" data-id=\"3148303\" data-element_type=\"widget\" data-widget_type=\"text-editor.default\">\n\t\t\t\t<div class=\"elementor-widget-container\">\n\t\t\t\t\t\t\t\t\t<p>Together, let's build a collection that reflects your personality. ARTEA will work with you with care and sensitivity to give meaning to your acquisitions and create genuine artistic and heritage value.<\/p>\t\t\t\t\t\t\t\t<\/div>\n\t\t\t\t<\/div>\n\t\t\t\t<\/div>\n\t\t\t\t<\/div>\n\t\t\t\t<\/div>\n\t\t\t\t\t<\/div>\n\t\t\t\t<\/div>\n\t\t<div class=\"elementor-element elementor-element-bff5dc8 e-flex e-con-boxed e-con e-parent\" data-id=\"bff5dc8\" data-element_type=\"container\" data-settings=\"{&quot;background_background&quot;:&quot;classic&quot;}\">\n\t\t\t\t\t<div class=\"e-con-inner\">\n\t\t<div class=\"elementor-element elementor-element-0964425 e-con-full e-flex e-con e-child\" data-id=\"0964425\" data-element_type=\"container\">\n\t\t<div class=\"elementor-element elementor-element-53f24a6 e-con-full e-flex e-con e-child\" data-id=\"53f24a6\" data-element_type=\"container\">\n\t\t<div class=\"elementor-element elementor-element-cfaa752 e-con-full e-flex e-con e-child\" data-id=\"cfaa752\" data-element_type=\"container\">\n\t\t\t\t<div class=\"elementor-element elementor-element-fef610c elementor-widget elementor-widget-heading\" data-id=\"fef610c\" data-element_type=\"widget\" data-widget_type=\"heading.default\">\n\t\t\t\t<div class=\"elementor-widget-container\">\n\t\t\t\t\t<div class=\"elementor-heading-title elementor-size-default\">Your trusted partner<\/div>\t\t\t\t<\/div>\n\t\t\t\t<\/div>\n\t\t\t\t<div class=\"elementor-element elementor-element-bc66911 elementor-widget elementor-widget-heading\" data-id=\"bc66911\" data-element_type=\"widget\" data-widget_type=\"heading.default\">\n\t\t\t\t<div class=\"elementor-widget-container\">\n\t\t\t\t\t<h2 class=\"elementor-heading-title elementor-size-default\">Artistic expertise at the service of your projects<\/h2>\t\t\t\t<\/div>\n\t\t\t\t<\/div>\n\t\t\t\t<\/div>\n\t\t<div class=\"elementor-element elementor-element-fcd4d17 e-con-full e-flex e-con e-child\" data-id=\"fcd4d17\" data-element_type=\"container\">\n\t\t\t\t<div class=\"elementor-element elementor-element-981a67b elementor-widget elementor-widget-text-editor\" data-id=\"981a67b\" data-element_type=\"widget\" data-widget_type=\"text-editor.default\">\n\t\t\t\t<div class=\"elementor-widget-container\">\n\t\t\t\t\t\t\t\t\t<p data-start=\"271\" data-end=\"473\" class=\"translation-block\">At <strong data-start=\"276\" data-end=\"285\">ARTEA<\/strong>, support goes far beyond advice.<br data-start=\"331\" data-end=\"334\">It is a <strong data-start=\"343\" data-end=\"376\">sincere commitment to art<\/strong>, driven by a <strong data-start=\"392\" data-end=\"412\">deep passion<\/strong> and a <strong data-start=\"420\" data-end=\"472\">constant attention to the needs of each client<\/strong>.<\/p>\t\t\t\t\t\t\t\t<\/div>\n\t\t\t\t<\/div>\n\t\t\t\t<\/div>\n\t\t\t\t<\/div>\n\t\t\t\t<div class=\"elementor-element elementor-element-22eaad2 elementor-widget elementor-widget-image\" data-id=\"22eaad2\" data-element_type=\"widget\" data-widget_type=\"image.default\">\n\t\t\t\t<div class=\"elementor-widget-container\">\n\t\t\t\t\t\t\t\t\t\t\t\t\t\t\t<img loading=\"lazy\" decoding=\"async\" width=\"768\" height=\"512\" src=\"https:\/\/artea-consulting.com\/wp-content\/uploads\/2025\/10\/pexels-photo-952590-952590-768x512.jpg\" class=\"attachment-medium_large size-medium_large wp-image-1335\" alt=\"A collection of baroque paintings displayed in a Paris museum, showcasing intricate gold frames and classical art.\" srcset=\"https:\/\/artea-consulting.com\/wp-content\/uploads\/2025\/10\/pexels-photo-952590-952590-768x512.jpg 768w, https:\/\/artea-consulting.com\/wp-content\/uploads\/2025\/10\/pexels-photo-952590-952590-300x200.jpg 300w, https:\/\/artea-consulting.com\/wp-content\/uploads\/2025\/10\/pexels-photo-952590-952590-18x12.jpg 18w, https:\/\/artea-consulting.com\/wp-content\/uploads\/2025\/10\/pexels-photo-952590-952590.jpg 940w\" sizes=\"(max-width: 768px) 100vw, 768px\" \/>\t\t\t\t\t\t\t\t\t\t\t\t\t\t\t<\/div>\n\t\t\t\t<\/div>\n\t\t\t\t<\/div>\n\t\t\t\t\t<\/div>\n\t\t\t\t<\/div>\n\t\t\t\t<\/div>","protected":false},"excerpt":{"rendered":"<p>Courtier en art sur mesure pour vous Accompagnement des collectionneurs et investisseurs en art d&rsquo;exception. D\u00e9couvrir Choisissez nous pour&#8230; \u00c9valuation Faites confiance en notre expertive pour vos oeuvres d&rsquo;art. Gestion Confiez nous vos d\u00e9marches artistiques. Conseil Un accompagnement strat\u00e9gique pour b\u00e2tir votre collection. Pourquoi nous faire confiance ? Chez ARTEA Art Consulting, nous mettons l\u2019excellence, [&hellip;]<\/p>","protected":false},"author":1,"featured_media":0,"parent":0,"menu_order":0,"comment_status":"closed","ping_status":"closed","template":"","meta":{"site-sidebar-layout":"no-sidebar","site-content-layout":"page-builder","ast-site-content-layout":"full-width-container","site-content-style":"unboxed","site-sidebar-style":"unboxed","ast-global-header-display":"","ast-banner-title-visibility":"","ast-main-header-display":"","ast-hfb-above-header-display":"","ast-hfb-below-header-display":"","ast-hfb-mobile-header-display":"","site-post-title":"disabled","ast-breadcrumbs-content":"","ast-featured-img":"disabled","footer-sml-layout":"","theme-transparent-header-meta":"enabled","adv-header-id-meta":"","stick-header-meta":"","header-above-stick-meta":"","header-main-stick-meta":"","header-below-stick-meta":"","astra-migrate-meta-layouts":"set","ast-page-background-enabled":"default","ast-page-background-meta":{"desktop":{"background-color":"","background-image":"","background-repeat":"repeat","background-position":"center center","background-size":"auto","background-attachment":"scroll","background-type":"","background-media":"","overlay-type":"","overlay-color":"","overlay-opacity":"","overlay-gradient":""},"tablet":{"background-color":"","background-image":"","background-repeat":"repeat","background-position":"center center","background-size":"auto","background-attachment":"scroll","background-type":"","background-media":"","overlay-type":"","overlay-color":"","overlay-opacity":"","overlay-gradient":""},"mobile":{"background-color":"","background-image":"","background-repeat":"repeat","background-position":"center center","background-size":"auto","background-attachment":"scroll","background-type":"","background-media":"","overlay-type":"","overlay-color":"","overlay-opacity":"","overlay-gradient":""}},"ast-content-background-meta":{"desktop":{"background-color":"var(--ast-global-color-5)","background-image":"","background-repeat":"repeat","background-position":"center center","background-size":"auto","background-attachment":"scroll","background-type":"","background-media":"","overlay-type":"","overlay-color":"","overlay-opacity":"","overlay-gradient":""},"tablet":{"background-color":"var(--ast-global-color-5)","background-image":"","background-repeat":"repeat","background-position":"center center","background-size":"auto","background-attachment":"scroll","background-type":"","background-media":"","overlay-type":"","overlay-color":"","overlay-opacity":"","overlay-gradient":""},"mobile":{"background-color":"var(--ast-global-color-5)","background-image":"","background-repeat":"repeat","background-position":"center center","background-size":"auto","background-attachment":"scroll","background-type":"","background-media":"","overlay-type":"","overlay-color":"","overlay-opacity":"","overlay-gradient":""}},"footnotes":""},"class_list":["post-393","page","type-page","status-publish","hentry"],"_links":{"self":[{"href":"https:\/\/artea-consulting.com\/en\/wp-json\/wp\/v2\/pages\/393","targetHints":{"allow":["GET"]}}],"collection":[{"href":"https:\/\/artea-consulting.com\/en\/wp-json\/wp\/v2\/pages"}],"about":[{"href":"https:\/\/artea-consulting.com\/en\/wp-json\/wp\/v2\/types\/page"}],"author":[{"embeddable":true,"href":"https:\/\/artea-consulting.com\/en\/wp-json\/wp\/v2\/users\/1"}],"replies":[{"embeddable":true,"href":"https:\/\/artea-consulting.com\/en\/wp-json\/wp\/v2\/comments?post=393"}],"version-history":[{"count":63,"href":"https:\/\/artea-consulting.com\/en\/wp-json\/wp\/v2\/pages\/393\/revisions"}],"predecessor-version":[{"id":1338,"href":"https:\/\/artea-consulting.com\/en\/wp-json\/wp\/v2\/pages\/393\/revisions\/1338"}],"wp:attachment":[{"href":"https:\/\/artea-consulting.com\/en\/wp-json\/wp\/v2\/media?parent=393"}],"curies":[{"name":"wp","href":"https:\/\/api.w.org\/{rel}","templated":true}]}}