{"id":112,"date":"2025-06-11T16:42:34","date_gmt":"2025-06-11T14:42:34","guid":{"rendered":"https:\/\/artea-consulting.com\/?page_id=112"},"modified":"2025-06-13T15:31:52","modified_gmt":"2025-06-13T13:31:52","slug":"company","status":"publish","type":"page","link":"https:\/\/artea-consulting.com\/en\/company\/","title":{"rendered":"Company"},"content":{"rendered":"<div data-elementor-type=\"wp-page\" data-elementor-id=\"112\" class=\"elementor elementor-112\">\n\t\t\t\t<div class=\"elementor-element elementor-element-264b2bb e-flex e-con-boxed e-con e-parent\" data-id=\"264b2bb\" data-element_type=\"container\" data-settings=\"{&quot;background_background&quot;:&quot;classic&quot;}\">\n\t\t\t\t\t<div class=\"e-con-inner\">\n\t\t<div class=\"elementor-element elementor-element-9c65b34 e-con-full e-flex e-con e-child\" data-id=\"9c65b34\" data-element_type=\"container\">\n\t\t\t\t<div class=\"elementor-element elementor-element-fc014e8 elementor-widget-divider--view-line elementor-widget elementor-widget-divider\" data-id=\"fc014e8\" data-element_type=\"widget\" data-widget_type=\"divider.default\">\n\t\t\t\t<div class=\"elementor-widget-container\">\n\t\t\t\t\t\t\t<div class=\"elementor-divider\">\n\t\t\t<span class=\"elementor-divider-separator\">\n\t\t\t\t\t\t<\/span>\n\t\t<\/div>\n\t\t\t\t\t\t<\/div>\n\t\t\t\t<\/div>\n\t\t\t\t<div class=\"elementor-element elementor-element-e18d550 elementor-widget elementor-widget-heading\" data-id=\"e18d550\" data-element_type=\"widget\" data-widget_type=\"heading.default\">\n\t\t\t\t<div class=\"elementor-widget-container\">\n\t\t\t\t\t<h1 class=\"elementor-heading-title elementor-size-default\">Company<\/h1>\t\t\t\t<\/div>\n\t\t\t\t<\/div>\n\t\t\t\t<\/div>\n\t\t\t\t\t<\/div>\n\t\t\t\t<\/div>\n\t\t<div class=\"elementor-element elementor-element-b771ea8 e-flex e-con-boxed e-con e-parent\" data-id=\"b771ea8\" data-element_type=\"container\" data-settings=\"{&quot;background_background&quot;:&quot;classic&quot;}\">\n\t\t\t\t\t<div class=\"e-con-inner\">\n\t\t<div class=\"elementor-element elementor-element-cfaaf1e e-con-full e-flex e-con e-child\" data-id=\"cfaaf1e\" data-element_type=\"container\">\n\t\t\t\t<div class=\"elementor-element elementor-element-19e82cc elementor-widget elementor-widget-heading\" data-id=\"19e82cc\" data-element_type=\"widget\" data-widget_type=\"heading.default\">\n\t\t\t\t<div class=\"elementor-widget-container\">\n\t\t\t\t\t<h2 class=\"elementor-heading-title elementor-size-default\">How to help you?<\/h2>\t\t\t\t<\/div>\n\t\t\t\t<\/div>\n\t\t<div class=\"elementor-element elementor-element-95561a8 e-con-full e-flex e-con e-child\" data-id=\"95561a8\" data-element_type=\"container\">\n\t\t<div class=\"elementor-element elementor-element-439b9b9 e-con-full e-flex e-con e-child\" data-id=\"439b9b9\" data-element_type=\"container\">\n\t\t\t\t<div class=\"elementor-element elementor-element-07ce45a elementor-widget__width-initial elementor-vertical-align-top elementor-widget elementor-widget-image-box\" data-id=\"07ce45a\" data-element_type=\"widget\" data-widget_type=\"image-box.default\">\n\t\t\t\t<div class=\"elementor-widget-container\">\n\t\t\t\t\t<div class=\"elementor-image-box-wrapper\"><div class=\"elementor-image-box-content\"><h4 class=\"elementor-image-box-title\">Tax and financial benefits<\/h4><p class=\"elementor-image-box-description\">Purchasing artworks can benefit from advantageous tax deductions and depreciation, while also creating a valuable asset over the long term. In the event of resale, capital gains can also be maximized.<\/p><\/div><\/div>\t\t\t\t<\/div>\n\t\t\t\t<\/div>\n\t\t\t\t<\/div>\n\t\t<div class=\"elementor-element elementor-element-baa1254 e-con-full e-flex e-con e-child\" data-id=\"baa1254\" data-element_type=\"container\">\n\t\t\t\t<div class=\"elementor-element elementor-element-296aab3 elementor-vertical-align-top elementor-widget elementor-widget-image-box\" data-id=\"296aab3\" data-element_type=\"widget\" data-widget_type=\"image-box.default\">\n\t\t\t\t<div class=\"elementor-widget-container\">\n\t\t\t\t\t<div class=\"elementor-image-box-wrapper\"><div class=\"elementor-image-box-content\"><h4 class=\"elementor-image-box-title\">Promotion of image and heritage<\/h4><p class=\"elementor-image-box-description\">Art expresses your company's identity and values. It projects an image of creativity, taste, and sophistication, while enriching your professional spaces.<\/p><\/div><\/div>\t\t\t\t<\/div>\n\t\t\t\t<\/div>\n\t\t\t\t<\/div>\n\t\t<div class=\"elementor-element elementor-element-b4c2add e-con-full e-flex e-con e-child\" data-id=\"b4c2add\" data-element_type=\"container\">\n\t\t\t\t<div class=\"elementor-element elementor-element-239803c elementor-vertical-align-top elementor-widget elementor-widget-image-box\" data-id=\"239803c\" data-element_type=\"widget\" data-widget_type=\"image-box.default\">\n\t\t\t\t<div class=\"elementor-widget-container\">\n\t\t\t\t\t<div class=\"elementor-image-box-wrapper\"><div class=\"elementor-image-box-content\"><h4 class=\"elementor-image-box-title\">Smart diversification<\/h4><p class=\"elementor-image-box-description\">Art is a tangible, inflation-resilient investment that complements your traditional investments. It strengthens the company's wealth management strategy.<\/p><\/div><\/div>\t\t\t\t<\/div>\n\t\t\t\t<\/div>\n\t\t\t\t<\/div>\n\t\t\t\t<\/div>\n\t\t<div class=\"elementor-element elementor-element-c5a7f42 e-con-full e-grid e-con e-child\" data-id=\"c5a7f42\" data-element_type=\"container\">\n\t\t\t\t<div class=\"elementor-element elementor-element-42326a3 elementor-widget elementor-widget-image\" data-id=\"42326a3\" data-element_type=\"widget\" data-widget_type=\"image.default\">\n\t\t\t\t<div class=\"elementor-widget-container\">\n\t\t\t\t\t\t\t\t\t\t\t\t\t\t\t<img decoding=\"async\" width=\"1\" height=\"1\" src=\"https:\/\/artea-consulting.com\/wp-content\/uploads\/2025\/06\/screenshot-peinture.avif\" class=\"attachment-medium size-medium wp-image-1148\" alt=\"\" \/>\t\t\t\t\t\t\t\t\t\t\t\t\t\t\t<\/div>\n\t\t\t\t<\/div>\n\t\t\t\t<div class=\"elementor-element elementor-element-41c4de5 elementor-align-center elementor-widget elementor-widget-button\" data-id=\"41c4de5\" data-element_type=\"widget\" data-widget_type=\"button.default\">\n\t\t\t\t<div class=\"elementor-widget-container\">\n\t\t\t\t\t\t\t\t\t<div class=\"elementor-button-wrapper\">\n\t\t\t\t\t<a class=\"elementor-button elementor-button-link elementor-size-sm\" href=\"http:\/\/artea-consulting.com\/en\/Contact\/\">\n\t\t\t\t\t\t<span class=\"elementor-button-content-wrapper\">\n\t\t\t\t\t\t\t\t\t<span class=\"elementor-button-text\">Contact us<\/span>\n\t\t\t\t\t<\/span>\n\t\t\t\t\t<\/a>\n\t\t\t\t<\/div>\n\t\t\t\t\t\t\t\t<\/div>\n\t\t\t\t<\/div>\n\t\t\t\t<div class=\"elementor-element elementor-element-01f6f26 elementor-widget elementor-widget-image\" data-id=\"01f6f26\" data-element_type=\"widget\" data-widget_type=\"image.default\">\n\t\t\t\t<div class=\"elementor-widget-container\">\n\t\t\t\t\t\t\t\t\t\t\t\t\t\t\t<img decoding=\"async\" width=\"1\" height=\"1\" src=\"https:\/\/artea-consulting.com\/wp-content\/uploads\/2025\/06\/screenshot-ange.avif\" class=\"attachment-medium size-medium wp-image-1146\" alt=\"\" \/>\t\t\t\t\t\t\t\t\t\t\t\t\t\t\t<\/div>\n\t\t\t\t<\/div>\n\t\t\t\t<\/div>\n\t\t<div class=\"elementor-element elementor-element-0e6f811 e-con-full e-flex e-con e-child\" data-id=\"0e6f811\" data-element_type=\"container\">\n\t\t<div class=\"elementor-element elementor-element-8a47653 e-con-full e-flex e-con e-child\" data-id=\"8a47653\" data-element_type=\"container\">\n\t\t\t\t<div class=\"elementor-element elementor-element-0642464 elementor-widget__width-initial elementor-vertical-align-top elementor-widget elementor-widget-image-box\" data-id=\"0642464\" data-element_type=\"widget\" data-widget_type=\"image-box.default\">\n\t\t\t\t<div class=\"elementor-widget-container\">\n\t\t\t\t\t<div class=\"elementor-image-box-wrapper\"><div class=\"elementor-image-box-content\"><h4 class=\"elementor-image-box-title\">Cultural and CSR Engagement<\/h4><p class=\"elementor-image-box-description\">Investing in art also means supporting artists and actively contributing to the vitality of the local and international cultural landscape. This approach is fully integrated into your CSR policy.<\/p><\/div><\/div>\t\t\t\t<\/div>\n\t\t\t\t<\/div>\n\t\t\t\t<\/div>\n\t\t<div class=\"elementor-element elementor-element-d552fc5 e-con-full e-flex e-con e-child\" data-id=\"d552fc5\" data-element_type=\"container\">\n\t\t\t\t<div class=\"elementor-element elementor-element-f0803bb elementor-vertical-align-top elementor-widget elementor-widget-image-box\" data-id=\"f0803bb\" data-element_type=\"widget\" data-widget_type=\"image-box.default\">\n\t\t\t\t<div class=\"elementor-widget-container\">\n\t\t\t\t\t<div class=\"elementor-image-box-wrapper\"><div class=\"elementor-image-box-content\"><h4 class=\"elementor-image-box-title\">Human Resources &amp; Well-being<\/h4><p class=\"elementor-image-box-description\">Spaces enriched by art foster an inspiring work environment, conducive to creativity, well-being and team motivation.<\/p><\/div><\/div>\t\t\t\t<\/div>\n\t\t\t\t<\/div>\n\t\t\t\t<\/div>\n\t\t<div class=\"elementor-element elementor-element-0aa33e4 e-con-full e-flex e-con e-child\" data-id=\"0aa33e4\" data-element_type=\"container\">\n\t\t\t\t<div class=\"elementor-element elementor-element-381ddf0 elementor-vertical-align-top elementor-widget elementor-widget-image-box\" data-id=\"381ddf0\" data-element_type=\"widget\" data-widget_type=\"image-box.default\">\n\t\t\t\t<div class=\"elementor-widget-container\">\n\t\t\t\t\t<div class=\"elementor-image-box-wrapper\"><div class=\"elementor-image-box-content\"><h4 class=\"elementor-image-box-title\">Differentiation &amp; communication<\/h4><p class=\"elementor-image-box-description\">Art strengthens your storytelling, enriches your events (openings, conferences), and sets you apart in a competitive world. It's a powerful tool for emotional communication and strategic resonance.<\/p><\/div><\/div>\t\t\t\t<\/div>\n\t\t\t\t<\/div>\n\t\t\t\t<\/div>\n\t\t\t\t<\/div>\n\t\t\t\t<\/div>\n\t\t\t\t\t<\/div>\n\t\t\t\t<\/div>\n\t\t<div class=\"elementor-element elementor-element-3430b3a e-flex e-con-boxed e-con e-parent\" data-id=\"3430b3a\" data-element_type=\"container\" data-settings=\"{&quot;background_background&quot;:&quot;classic&quot;}\">\n\t\t\t\t\t<div class=\"e-con-inner\">\n\t\t<div class=\"elementor-element elementor-element-cf137a9 e-con-full e-flex e-con e-child\" data-id=\"cf137a9\" data-element_type=\"container\">\n\t\t<div class=\"elementor-element elementor-element-5c0bbb4 e-con-full e-flex e-con e-child\" data-id=\"5c0bbb4\" data-element_type=\"container\">\n\t\t<div class=\"elementor-element elementor-element-23d52d6 e-con-full e-flex e-con e-child\" data-id=\"23d52d6\" data-element_type=\"container\" data-settings=\"{&quot;background_background&quot;:&quot;classic&quot;}\">\n\t\t\t\t<div class=\"elementor-element elementor-element-3005ab5 elementor-widget elementor-widget-hfe-infocard\" data-id=\"3005ab5\" data-element_type=\"widget\" data-widget_type=\"hfe-infocard.default\">\n\t\t\t\t<div class=\"elementor-widget-container\">\n\t\t\t\t\t\n\t\t<div class=\"hfe-infocard\">\n\t\t\t\t\t\t\t\t\t<div class=\"hfe-infocard-title-wrap\">\n\t\t\t\t<h3 class=\"hfe-infocard-title elementor-inline-editing\" data-elementor-setting-key=\"infocard_title\" data-elementor-inline-editing-toolbar=\"basic\" > Got a project in mind?<\/h3>\t\t\t<\/div>\n\t\t\t\t\t\t<div class=\"hfe-infocard-text-wrap\">\n\t\t\t\t<div class=\"hfe-infocard-text elementor-inline-editing\" data-elementor-setting-key=\"infocard_description\" data-elementor-inline-editing-toolbar=\"advanced\">\n\t\t\t\t\tLet's discuss your desires or needs. ARTEA will assist you with expertise and discretion. Contact us today. \t\t\t\t<\/div>\n\t\t\t\t\t\t\t<\/div>\n\t\t<\/div>\n\n\t\t\t\t\t\t<\/div>\n\t\t\t\t<\/div>\n\t\t\t\t<div class=\"elementor-element elementor-element-623fecf elementor-widget elementor-widget-button\" data-id=\"623fecf\" data-element_type=\"widget\" data-widget_type=\"button.default\">\n\t\t\t\t<div class=\"elementor-widget-container\">\n\t\t\t\t\t\t\t\t\t<div class=\"elementor-button-wrapper\">\n\t\t\t\t\t<a class=\"elementor-button elementor-button-link elementor-size-sm\" href=\"http:\/\/artea-consulting.com\/en\/Contact\/\">\n\t\t\t\t\t\t<span class=\"elementor-button-content-wrapper\">\n\t\t\t\t\t\t<span class=\"elementor-button-icon\">\n\t\t\t\t<i aria-hidden=\"true\" class=\"fas fa-arrow-right\"><\/i>\t\t\t<\/span>\n\t\t\t\t\t\t\t\t\t<span class=\"elementor-button-text\">Contact us<\/span>\n\t\t\t\t\t<\/span>\n\t\t\t\t\t<\/a>\n\t\t\t\t<\/div>\n\t\t\t\t\t\t\t\t<\/div>\n\t\t\t\t<\/div>\n\t\t\t\t<\/div>\n\t\t<div class=\"elementor-element elementor-element-8e624c0 e-con-full e-flex e-con e-child\" data-id=\"8e624c0\" data-element_type=\"container\">\n\t\t\t\t<div class=\"elementor-element elementor-element-6168320 elementor-widget elementor-widget-image\" data-id=\"6168320\" data-element_type=\"widget\" data-widget_type=\"image.default\">\n\t\t\t\t<div class=\"elementor-widget-container\">\n\t\t\t\t\t\t\t\t\t\t\t\t\t\t\t<img decoding=\"async\" width=\"1\" height=\"1\" src=\"https:\/\/artea-consulting.com\/wp-content\/uploads\/2025\/06\/cercle-renoir-1-1.avif\" class=\"attachment-large size-large wp-image-1138\" alt=\"\" \/>\t\t\t\t\t\t\t\t\t\t\t\t\t\t\t<\/div>\n\t\t\t\t<\/div>\n\t\t\t\t<\/div>\n\t\t\t\t<\/div>\n\t\t<div class=\"elementor-element elementor-element-1ab901e e-con-full e-flex e-con e-child\" data-id=\"1ab901e\" data-element_type=\"container\">\n\t\t<div class=\"elementor-element elementor-element-0e440ae e-con-full e-flex e-con e-child\" data-id=\"0e440ae\" data-element_type=\"container\">\n\t\t\t\t<div class=\"elementor-element elementor-element-e16093e elementor-widget elementor-widget-heading\" data-id=\"e16093e\" data-element_type=\"widget\" data-widget_type=\"heading.default\">\n\t\t\t\t<div class=\"elementor-widget-container\">\n\t\t\t\t\t<h2 class=\"elementor-heading-title elementor-size-default\">Let\u2019s build a collection together that has meaning and value.<\/h2>\t\t\t\t<\/div>\n\t\t\t\t<\/div>\n\t\t\t\t<\/div>\n\t\t<div class=\"elementor-element elementor-element-fe0e002 e-con-full e-flex e-con e-child\" data-id=\"fe0e002\" data-element_type=\"container\">\n\t\t\t\t<div class=\"elementor-element elementor-element-06f7f03 elementor-widget elementor-widget-text-editor\" data-id=\"06f7f03\" data-element_type=\"widget\" data-widget_type=\"text-editor.default\">\n\t\t\t\t<div class=\"elementor-widget-container\">\n\t\t\t\t\t\t\t\t\t<p>Together, let's build a collection that reflects your personality. ARTEA will work with you with care and sensitivity to give meaning to your acquisitions and create genuine artistic and heritage value.<\/p>\t\t\t\t\t\t\t\t<\/div>\n\t\t\t\t<\/div>\n\t\t\t\t<\/div>\n\t\t\t\t<\/div>\n\t\t\t\t<\/div>\n\t\t\t\t\t<\/div>\n\t\t\t\t<\/div>\n\t\t\t\t<\/div>","protected":false},"excerpt":{"rendered":"<p>Entreprise Comment vous aider ? Avantages fiscaux et financiers L\u2019achat d\u2019\u0153uvres peut b\u00e9n\u00e9ficier de d\u00e9ductions fiscales et amortissements avantageux, tout en constituant un actif valorisable \u00e0 long terme. En cas de revente, les plus-values peuvent \u00e9galement \u00eatre optimis\u00e9es. Valorisation de l\u2019image et du patrimoine L\u2019art exprime l\u2019identit\u00e9 et les valeurs de votre entreprise. Il projette [&hellip;]<\/p>","protected":false},"author":1,"featured_media":0,"parent":0,"menu_order":0,"comment_status":"closed","ping_status":"closed","template":"","meta":{"site-sidebar-layout":"no-sidebar","site-content-layout":"page-builder","ast-site-content-layout":"full-width-container","site-content-style":"unboxed","site-sidebar-style":"unboxed","ast-global-header-display":"","ast-banner-title-visibility":"","ast-main-header-display":"","ast-hfb-above-header-display":"","ast-hfb-below-header-display":"","ast-hfb-mobile-header-display":"","site-post-title":"disabled","ast-breadcrumbs-content":"","ast-featured-img":"disabled","footer-sml-layout":"","theme-transparent-header-meta":"enabled","adv-header-id-meta":"","stick-header-meta":"","header-above-stick-meta":"","header-main-stick-meta":"","header-below-stick-meta":"","astra-migrate-meta-layouts":"set","ast-page-background-enabled":"default","ast-page-background-meta":{"desktop":{"background-color":"","background-image":"","background-repeat":"repeat","background-position":"center center","background-size":"auto","background-attachment":"scroll","background-type":"","background-media":"","overlay-type":"","overlay-color":"","overlay-opacity":"","overlay-gradient":""},"tablet":{"background-color":"","background-image":"","background-repeat":"repeat","background-position":"center center","background-size":"auto","background-attachment":"scroll","background-type":"","background-media":"","overlay-type":"","overlay-color":"","overlay-opacity":"","overlay-gradient":""},"mobile":{"background-color":"","background-image":"","background-repeat":"repeat","background-position":"center center","background-size":"auto","background-attachment":"scroll","background-type":"","background-media":"","overlay-type":"","overlay-color":"","overlay-opacity":"","overlay-gradient":""}},"ast-content-background-meta":{"desktop":{"background-color":"var(--ast-global-color-5)","background-image":"","background-repeat":"repeat","background-position":"center center","background-size":"auto","background-attachment":"scroll","background-type":"","background-media":"","overlay-type":"","overlay-color":"","overlay-opacity":"","overlay-gradient":""},"tablet":{"background-color":"var(--ast-global-color-5)","background-image":"","background-repeat":"repeat","background-position":"center center","background-size":"auto","background-attachment":"scroll","background-type":"","background-media":"","overlay-type":"","overlay-color":"","overlay-opacity":"","overlay-gradient":""},"mobile":{"background-color":"var(--ast-global-color-5)","background-image":"","background-repeat":"repeat","background-position":"center center","background-size":"auto","background-attachment":"scroll","background-type":"","background-media":"","overlay-type":"","overlay-color":"","overlay-opacity":"","overlay-gradient":""}},"footnotes":""},"class_list":["post-112","page","type-page","status-publish","hentry"],"_links":{"self":[{"href":"https:\/\/artea-consulting.com\/en\/wp-json\/wp\/v2\/pages\/112","targetHints":{"allow":["GET"]}}],"collection":[{"href":"https:\/\/artea-consulting.com\/en\/wp-json\/wp\/v2\/pages"}],"about":[{"href":"https:\/\/artea-consulting.com\/en\/wp-json\/wp\/v2\/types\/page"}],"author":[{"embeddable":true,"href":"https:\/\/artea-consulting.com\/en\/wp-json\/wp\/v2\/users\/1"}],"replies":[{"embeddable":true,"href":"https:\/\/artea-consulting.com\/en\/wp-json\/wp\/v2\/comments?post=112"}],"version-history":[{"count":35,"href":"https:\/\/artea-consulting.com\/en\/wp-json\/wp\/v2\/pages\/112\/revisions"}],"predecessor-version":[{"id":1304,"href":"https:\/\/artea-consulting.com\/en\/wp-json\/wp\/v2\/pages\/112\/revisions\/1304"}],"wp:attachment":[{"href":"https:\/\/artea-consulting.com\/en\/wp-json\/wp\/v2\/media?parent=112"}],"curies":[{"name":"wp","href":"https:\/\/api.w.org\/{rel}","templated":true}]}}